{"id":100,"date":"2021-06-03T17:05:16","date_gmt":"2021-06-03T15:05:16","guid":{"rendered":"http:\/\/www.arcidiocesitrani.it\/accoglienza\/?page_id=100"},"modified":"2023-11-07T11:29:17","modified_gmt":"2023-11-07T10:29:17","slug":"organizzazione","status":"publish","type":"page","link":"https:\/\/www.arcidiocesitrani.it\/accoglienza\/organizzazione\/","title":{"rendered":"ORGANIZZAZIONE"},"content":{"rendered":"<h3><\/h3>\n<h3><img loading=\"lazy\" decoding=\"async\" class=\"wp-image-109 aligncenter\" src=\"https:\/\/www.arcidiocesitrani.it\/accoglienza\/wp-content\/uploads\/sites\/18\/2021\/06\/ORGANIZZAZIONE-300x200.png\" alt=\"\" width=\"593\" height=\"395\" srcset=\"https:\/\/www.arcidiocesitrani.it\/accoglienza\/wp-content\/uploads\/sites\/18\/2021\/06\/ORGANIZZAZIONE-300x200.png 300w, https:\/\/www.arcidiocesitrani.it\/accoglienza\/wp-content\/uploads\/sites\/18\/2021\/06\/ORGANIZZAZIONE-1024x683.png 1024w, https:\/\/www.arcidiocesitrani.it\/accoglienza\/wp-content\/uploads\/sites\/18\/2021\/06\/ORGANIZZAZIONE-768x512.png 768w, https:\/\/www.arcidiocesitrani.it\/accoglienza\/wp-content\/uploads\/sites\/18\/2021\/06\/ORGANIZZAZIONE-1536x1024.png 1536w, https:\/\/www.arcidiocesitrani.it\/accoglienza\/wp-content\/uploads\/sites\/18\/2021\/06\/ORGANIZZAZIONE-600x400.png 600w, https:\/\/www.arcidiocesitrani.it\/accoglienza\/wp-content\/uploads\/sites\/18\/2021\/06\/ORGANIZZAZIONE-1200x800.png 1200w, https:\/\/www.arcidiocesitrani.it\/accoglienza\/wp-content\/uploads\/sites\/18\/2021\/06\/ORGANIZZAZIONE-800x533.png 800w, https:\/\/www.arcidiocesitrani.it\/accoglienza\/wp-content\/uploads\/sites\/18\/2021\/06\/ORGANIZZAZIONE-272x182.png 272w, https:\/\/www.arcidiocesitrani.it\/accoglienza\/wp-content\/uploads\/sites\/18\/2021\/06\/ORGANIZZAZIONE.png 1920w\" sizes=\"(max-width: 593px) 100vw, 593px\" \/><\/h3>\n<h3 class=\"article-title\"><strong>Da chi \u00e8 costituito<\/strong><\/h3>\n<p>Da una equipe (sacerdoti e laici) composta da un Responsabile e da persone (Consulenti) ritenute idonee e nominate dall\u2019Arcivescovo competenti in materia giuridico-canonica e in pastorale familiare, che come espressione della cura del Vescovo (cfr. can. 383 \u00a7 1 del CIC) svolgono un\u2019attivit\u00e0 permanente di consulenza ed ascolto (gratuita).<\/p>\n<h3 class=\"article-title\"><strong>Come lavora<\/strong><\/h3>\n<table>\n<tbody>\n<tr>\n<td>\n<div>\n<ol>\n<li>Mediante consulenze previamente fissate sotto appuntamento telefonico con il Responsabile, don Emanuele Tupputi, al seguente\u00a0<b><i>numero di telefono: 0883.494230<\/i><\/b>\u00a0 solo il marted\u00ec e gioved\u00ec mattina, dalle ore 09.30 alle ore 12.00; o scrivendo al seguente indirizzo <b><i>mail<\/i><\/b>:\u00a0<strong><span id=\"cloakb40076a67facd8e5b46f832cb1893f10\"><a href=\"mailto:tribunalecclesiastico@arcidiocesitrani.it\" target=\"_blank\" rel=\"noopener\">tribunalecclesiastico@arcidiocesitrani.it<\/a><\/span><\/strong>, inserendo i dati personali ed un recapito telefonico.<\/li>\n<li>Il Responsabile si occuper\u00e0 di contattare il Consulente e fissare, quindi, un appuntamento nel luogo pi\u00f9 vicino al Richiedente.<\/li>\n<li>Il Consulente, contattato dal Responsabile del Servizio diocesano, effettuer\u00e0 la consulenza e dar\u00e0 il proprio parere al medesimo, con i suggerimenti che gli sembreranno pi\u00f9 opportuni.<\/li>\n<li>Se il Consulente ravvisasse la presenza delle condizioni favorevoli ad introdurre una causa presso il\u00a0<em>Tribunale Ecclesiastico competente<\/em>\u00a0fornir\u00e0 al Richiedente:\n<ol>\n<li>le informazioni circa l&#8217;iter processuale da compiere;<\/li>\n<li>la lista dell\u2019Albo degli Avvocati, residenti in Puglia, abilitati a patrocinare la causa presso il\u00a0<em>Tribunale Ecclesiastico Regionale Pugliese<\/em>;<\/li>\n<li>tutte le informazioni utili sui costi della causa.<\/li>\n<\/ol>\n<\/li>\n<\/ol>\n<\/div>\n<\/td>\n<\/tr>\n<\/tbody>\n<\/table>\n<h3 class=\"article-title\"><strong>Dove opera<\/strong><\/h3>\n<table>\n<tbody>\n<tr>\n<td>\n<div>\n<p>Il Servizio diocesano ha la sede centrale\u00a0<b><i>presso la Curia Arcivescovile di Trani in via Beltrani, 9,\u00a0<\/i><\/b>ma opera simultaneamente mediante i Consulenti nelle altre citt\u00e0 dell\u2019Arcidiocesi (Barletta,\u00a0 Bisceglie, Corato, Margherita di Savoia, Trinitapoli e San Ferdinando Re di Puglia) al fine di garantire e consentire una maggiore prossimit\u00e0 tra il Vescovo e fedeli, che feriti da un matrimonio fallito, presentano richiesta di aiuto perch\u00e9 si faccia chiarezza della loro situazione matrimoniale o si raggiunga la\u00a0<b>certezza morale<\/b>\u00a0necessaria per dichiarare la nullit\u00e0 del matrimonio contratto.<\/p>\n<\/div>\n<\/td>\n<\/tr>\n<\/tbody>\n<\/table>\n","protected":false},"excerpt":{"rendered":"<p>Da chi \u00e8 costituito Da una equipe (sacerdoti e laici) composta da un Responsabile e da persone (Consulenti) ritenute idonee e nominate dall\u2019Arcivescovo competenti in materia giuridico-canonica e in pastorale familiare, che come espressione della cura del Vescovo (cfr. can. 383 \u00a7 1 del CIC) svolgono un\u2019attivit\u00e0 permanente di consulenza ed ascolto (gratuita). Come lavora Mediante consulenze previamente fissate sotto appuntamento telefonico con il Responsabile, &hellip; <a href=\"https:\/\/www.arcidiocesitrani.it\/accoglienza\/organizzazione\/\" class=\"more-link\">Continua a leggere <span class=\"screen-reader-text\"><\/span> <span class=\"meta-nav\">&raquo;<\/span><\/a><\/p>\n","protected":false},"author":9,"featured_media":0,"parent":0,"menu_order":0,"comment_status":"closed","ping_status":"closed","template":"","meta":{"_acf_changed":false,"ip_address":"","user_agent":"","level":"","revision":"","cookie_id":"","page_referer":"","html_form":"","footnotes":""},"acf":[],"_links":{"self":[{"href":"https:\/\/www.arcidiocesitrani.it\/accoglienza\/wp-json\/wp\/v2\/pages\/100"}],"collection":[{"href":"https:\/\/www.arcidiocesitrani.it\/accoglienza\/wp-json\/wp\/v2\/pages"}],"about":[{"href":"https:\/\/www.arcidiocesitrani.it\/accoglienza\/wp-json\/wp\/v2\/types\/page"}],"author":[{"embeddable":true,"href":"https:\/\/www.arcidiocesitrani.it\/accoglienza\/wp-json\/wp\/v2\/users\/9"}],"replies":[{"embeddable":true,"href":"https:\/\/www.arcidiocesitrani.it\/accoglienza\/wp-json\/wp\/v2\/comments?post=100"}],"version-history":[{"count":5,"href":"https:\/\/www.arcidiocesitrani.it\/accoglienza\/wp-json\/wp\/v2\/pages\/100\/revisions"}],"predecessor-version":[{"id":743,"href":"https:\/\/www.arcidiocesitrani.it\/accoglienza\/wp-json\/wp\/v2\/pages\/100\/revisions\/743"}],"wp:attachment":[{"href":"https:\/\/www.arcidiocesitrani.it\/accoglienza\/wp-json\/wp\/v2\/media?parent=100"}],"curies":[{"name":"wp","href":"https:\/\/api.w.org\/{rel}","templated":true}]}}