{"id":48,"date":"2021-09-13T17:08:58","date_gmt":"2021-09-13T15:08:58","guid":{"rendered":"https:\/\/www.arcidiocesitrani.it\/sostegnoeconomico\/?page_id=48"},"modified":"2021-09-13T17:08:58","modified_gmt":"2021-09-13T15:08:58","slug":"chi-siamo","status":"publish","type":"page","link":"https:\/\/www.arcidiocesitrani.it\/apostolatobiblico\/chi-siamo\/","title":{"rendered":"CHI SIAMO"},"content":{"rendered":"<p>Servizio Apostolato Biblico<br \/>\n\u00a71. Il Servizio mira a stimolare la Diocesi a un sempre maggiore e diretto ascolto della Parola di Dio.<\/p>\n<p>\u00a72. Per attuare tale finalit\u00e0 il Servizio avr\u00e0 i seguenti compiti:<br \/>\na) divulgare la mappa delle attivit\u00e0 bibliche sul territorio: Scuole della Parola, incontri di<br \/>\nlectio divina, gruppi di ascolto, gruppi e corsi biblici;<br \/>\nb) proporre itinerari di formazione biblica e scuole bibliche in collaborazione con la<br \/>\nScuola di Formazione per gli Operatori Pastorali;<br \/>\nc) disporre e segnalare una bibliografia utile per l\u2019apostolato biblico tra il popolo;<br \/>\nd) aiutare enti, parrocchie, ecc. a trovare personale adatto per le loro attivit\u00e0 bibliche e ad<br \/>\nimpostarle in modo adeguato agli scopi;<br \/>\ne) riunire, secondo le necessit\u00e0, le varie categorie di persone interessate all\u2019apostolato biblico.<\/p>\n","protected":false},"excerpt":{"rendered":"<p>Servizio Apostolato Biblico \u00a71. Il Servizio mira a stimolare la Diocesi a un sempre maggiore e diretto ascolto della Parola di Dio. \u00a72. Per attuare tale finalit\u00e0 il Servizio avr\u00e0 i seguenti compiti: a) divulgare la mappa delle attivit\u00e0 bibliche sul territorio: Scuole della Parola, incontri di lectio divina, gruppi di ascolto, gruppi e corsi biblici; b) proporre itinerari di formazione biblica e scuole bibliche &hellip; <a href=\"https:\/\/www.arcidiocesitrani.it\/apostolatobiblico\/chi-siamo\/\" class=\"more-link\">Continua a leggere <span class=\"screen-reader-text\"><\/span> <span class=\"meta-nav\">&raquo;<\/span><\/a><\/p>\n","protected":false},"author":9,"featured_media":0,"parent":0,"menu_order":0,"comment_status":"closed","ping_status":"closed","template":"","meta":{"_acf_changed":false,"ip_address":"","user_agent":"","level":"","revision":"","cookie_id":"","page_referer":"","html_form":"","footnotes":""},"acf":[],"_links":{"self":[{"href":"https:\/\/www.arcidiocesitrani.it\/apostolatobiblico\/wp-json\/wp\/v2\/pages\/48"}],"collection":[{"href":"https:\/\/www.arcidiocesitrani.it\/apostolatobiblico\/wp-json\/wp\/v2\/pages"}],"about":[{"href":"https:\/\/www.arcidiocesitrani.it\/apostolatobiblico\/wp-json\/wp\/v2\/types\/page"}],"author":[{"embeddable":true,"href":"https:\/\/www.arcidiocesitrani.it\/apostolatobiblico\/wp-json\/wp\/v2\/users\/9"}],"replies":[{"embeddable":true,"href":"https:\/\/www.arcidiocesitrani.it\/apostolatobiblico\/wp-json\/wp\/v2\/comments?post=48"}],"version-history":[{"count":2,"href":"https:\/\/www.arcidiocesitrani.it\/apostolatobiblico\/wp-json\/wp\/v2\/pages\/48\/revisions"}],"predecessor-version":[{"id":50,"href":"https:\/\/www.arcidiocesitrani.it\/apostolatobiblico\/wp-json\/wp\/v2\/pages\/48\/revisions\/50"}],"wp:attachment":[{"href":"https:\/\/www.arcidiocesitrani.it\/apostolatobiblico\/wp-json\/wp\/v2\/media?parent=48"}],"curies":[{"name":"wp","href":"https:\/\/api.w.org\/{rel}","templated":true}]}}