{"id":1050,"date":"2024-07-04T10:51:20","date_gmt":"2024-07-04T08:51:20","guid":{"rendered":"https:\/\/www.arcidiocesitrani.it\/caritas\/?page_id=1050"},"modified":"2024-07-17T10:48:33","modified_gmt":"2024-07-17T08:48:33","slug":"ambulatorio-medico","status":"publish","type":"page","link":"https:\/\/www.arcidiocesitrani.it\/caritas\/ambulatorio-medico\/","title":{"rendered":"AMBULATORIO MEDICO"},"content":{"rendered":"<div id=\"pl-1050\"  class=\"panel-layout\" ><div id=\"pg-1050-0\"  class=\"panel-grid panel-no-style\" ><div id=\"pgc-1050-0-0\"  class=\"panel-grid-cell\" ><div id=\"panel-1050-0-0-0\" class=\"so-panel widget widget_sow-editor panel-first-child panel-last-child\" data-index=\"0\" ><div\n\t\t\t\n\t\t\tclass=\"so-widget-sow-editor so-widget-sow-editor-base\"\n\t\t\t\n\t\t><h3 class=\"widget-title\">TRANI<\/h3>\n<div class=\"siteorigin-widget-tinymce textwidget\">\n\t<p><strong><u>Cos\u2019\u00e8?<\/u><\/strong><\/p>\n<p>Nasce il 2 ottobre 2020 per far fronte alle varie richieste legate alla povert\u00e0 sanitaria, offrendo visite<\/p>\n<p>specialistiche. L\u2019ambulatorio \u00e8 gestito dall\u2019Associazione Orizzonti e dai Volontari della Croce<\/p>\n<p>Rossa Italiana, dove quest\u2019ultimi supportano i medici Volontari nella gestione delle visite.<\/p>\n<p>&nbsp;<\/p>\n<p><strong><u>Dove si trova?<\/u><\/strong><\/p>\n<p>L\u2019ambulatorio \u00e8 ubicato all\u2019interno di una nuova struttura messa a disposizione<\/p>\n<p>della parrocchia dello Spirito Santo di Trani in Via Ing. Tolomeo n.1<\/p>\n<p>&nbsp;<\/p>\n<p><strong><u>Come si accede?<\/u><\/strong><\/p>\n<p>L\u2019Ambulatorio Medico Solidale sar\u00e0 al momento aperto ogni luned\u00ec, mercoled\u00ec e venerd\u00ec pomeriggio dalle ore 18 alle ore 20. A presidiare ci saranno i Volontari della Croce Rossa Italiana del Comitato di Andria che raccoglieranno eventuali esigenze e per rispondere alle domande, gli stessi prederanno nota di richieste di visite. Gli interessati saranno ricontattati dal numero di coordinamento. Le prenotazioni delle visite potranno pervenire dalle Caritas parrocchiali, che accertate le condizioni di vulnerabilit\u00e0 potranno prenotare la visita al seguente numero di telefono 3760446974. Sarebbe opportuno che i vulnerabili che necessitano di visite specialistiche vengano in ambulatorio con la richiesta del proprio medico di base, prenotazione CUP e liberatoria (rilasciata dalle Caritas locali con modulo specifico che attesti motivo della richiesta e liste di attesa chiuse o lunghe per la patologia specifica).<\/p>\n<p>&nbsp;<\/p>\n<p><strong><u>Servizi dell\u2019Ambulatorio Medico Solidale<\/u><\/strong><\/p>\n<p>Su disposizione del Direttore Sanitario, i servizi specialistici erogati dall\u2019AMS sono i seguenti: Cardiologia, Chirurgia Generale, Nefrologia, Pneumologia e allergologia, Urologia, Terapia del dolore, Pediatria, Neurochirurgia, Medicina interna e dell\u2019emergenza, Ematologia, Psicologia e psicoterapia, e Neuro-psichiatria (in collaborazione con il personale specialistico di Universo Salute-Opere don Uva). Inoltre, l\u2019Ambulatorio medico solidale ha una piccola farmacia, con a disposizione alcuni farmaci da banco, Per la richiesta dei farmaci (laddove presenti) bisogna presentare la richiesta del medico di base e\/o specialista che ne accertano la necessit\u00e0 di somministrazione. Per ogni richiesta \u00e8 disponibile il numero 3760446974 attivo dalle ore 08 alle ore 18 di tutti i giorni, e attivo su whatsapp h24, inoltre per la prenotazione farmaci sar\u00e0 presto attivo un sistema telematico il cui login-password sar\u00e0 fornito alle Caritas locali con supervisione del Farmacista dell\u2019Ambulatorio<\/p>\n<\/div>\n<\/div><\/div><\/div><div id=\"pgc-1050-0-1\"  class=\"panel-grid-cell\" ><div id=\"panel-1050-0-1-0\" class=\"so-panel widget widget_sow-editor panel-first-child panel-last-child\" data-index=\"1\" ><div\n\t\t\t\n\t\t\tclass=\"so-widget-sow-editor so-widget-sow-editor-base\"\n\t\t\t\n\t\t><h3 class=\"widget-title\">MODULO RICHIESTA VISITA <\/h3>\n<div class=\"siteorigin-widget-tinymce textwidget\">\n\t<p><a href=\"https:\/\/www.arcidiocesitrani.it\/caritas\/wp-content\/uploads\/sites\/11\/2024\/07\/richiesta-visita-medica-amb.-San-G.Moscati.pdf\"> <img loading=\"lazy\" decoding=\"async\" class=\"alignnone size-medium wp-image-1054\" src=\"https:\/\/www.arcidiocesitrani.it\/caritas\/wp-content\/uploads\/sites\/11\/2024\/07\/SCARICA-IL-MODULO-300x102.png\" alt=\"\" width=\"300\" height=\"102\" srcset=\"https:\/\/www.arcidiocesitrani.it\/caritas\/wp-content\/uploads\/sites\/11\/2024\/07\/SCARICA-IL-MODULO-300x102.png 300w, https:\/\/www.arcidiocesitrani.it\/caritas\/wp-content\/uploads\/sites\/11\/2024\/07\/SCARICA-IL-MODULO-1024x348.png 1024w, https:\/\/www.arcidiocesitrani.it\/caritas\/wp-content\/uploads\/sites\/11\/2024\/07\/SCARICA-IL-MODULO-768x261.png 768w, https:\/\/www.arcidiocesitrani.it\/caritas\/wp-content\/uploads\/sites\/11\/2024\/07\/SCARICA-IL-MODULO-600x204.png 600w, https:\/\/www.arcidiocesitrani.it\/caritas\/wp-content\/uploads\/sites\/11\/2024\/07\/SCARICA-IL-MODULO-800x272.png 800w, https:\/\/www.arcidiocesitrani.it\/caritas\/wp-content\/uploads\/sites\/11\/2024\/07\/SCARICA-IL-MODULO.png 1038w\" sizes=\"(max-width: 300px) 100vw, 300px\" \/><\/a><\/p>\n<\/div>\n<\/div><\/div><\/div><\/div><div id=\"pg-1050-1\"  class=\"panel-grid panel-no-style\" ><div id=\"pgc-1050-1-0\"  class=\"panel-grid-cell\" ><div id=\"panel-1050-1-0-0\" class=\"so-panel widget widget_sow-editor panel-first-child panel-last-child\" data-index=\"2\" ><div\n\t\t\t\n\t\t\tclass=\"so-widget-sow-editor so-widget-sow-editor-base\"\n\t\t\t\n\t\t><h3 class=\"widget-title\">BISCEGLIE<\/h3>\n<div class=\"siteorigin-widget-tinymce textwidget\">\n\t<p><strong>POLIAMBULATORIO IL BUON SAMARITANO di Epass OdV<\/strong><\/p>\n<p><strong><u>EPASS<\/u><\/strong><\/p>\n<p>Epass \u00e8 un\u2019organizzazione di volontariato che eroga servizi alla persona in ambito psicologico, pedagogico, sociale, sanitario e culturale. L\u2019ispirazione cristiana \u00e8 motivo e anima dell\u2019operato, mai fattore discriminante nei confronti dell\u2019utente. L\u2019Ente onora e promuove la centralit\u00e0 dell\u2019uomo inteso come \u201cpersona\u201d ossia \u201cessere in relazione\u201d, fornendo a ciascuno, senza discriminazioni, l\u2019opportunit\u00e0 di prendersi cura di s\u00e9 (mission). Epass, inoltre, mira ad elevare il senso e la cultura della vita, ad accrescere il ben-essere di ciascuno con s\u00e9 stesso e con gli altri, mediante pratiche inclusive di tipo solidaristico, contribuendo in tal modo alla costruzione della societ\u00e0 come comunit\u00e0 di persone interagenti in vista del bene comune (vision). Oggi in Epass sono attivi tre macro-servizi: il Consultorio familiare, il Poliambulatorio Il buon Samaritano e lo Spazio Open.<\/p>\n<p><strong><u>IL POLIAMBULATORIO<\/u><\/strong><\/p>\n<p>Il Poliambulatorio medico solidale \u201cIl buon Samaritano\u201d apre ufficialmente le porte nel 2019 per contrastare i fenomeni della povert\u00e0 sanitaria e della sanit\u00e0 negata. Il Poliambulatorio \u201cIl buon Samaritano\u201d eroga gratuitamente visite mediche specialistiche in grado di fornire risposte efficaci alla domanda di salute proveniente dai redditi bassi, compresi i cosiddetti nuovi poveri, e dai soggetti esclusi dal sistema sociosanitario italiano.<\/p>\n<p>Nel dettaglio, il Poliambulatorio si pone quotidianamente questi obiettivi: assicurare il diritto alla salute a chi per motivi vari ne \u00e8 privo; promuovere interventi di medicina preventiva; elevare la qualit\u00e0 della vita dei soggetti in marginalit\u00e0 sociale; favorire il processo di interazione e integrazione tra soggetti multietnici; offrire concretamente accoglienza e cura a chi \u00e8 in condizione di bisogno e di indigenza; favorire la convivialit\u00e0 delle differenze.<\/p>\n<p>Nel 2023 il Poliambulatorio, grazie all\u2019impegno di oltre 100 volontari, ha erogato oltre 3mila visite mediche specialistiche in maniera completamente gratuita.<\/p>\n<p>&nbsp;<\/p>\n<p><strong><u>DOVE SI TROVA<\/u><\/strong><\/p>\n<p>Il Poliambulatorio Il buon Samaritano si trova all\u2019interno della sede Epass di piazza Carlo Alberto Dalla Chiesa 12 a Bisceglie. La struttura \u00e8 accessibile anche alle persone con disabilit\u00e0.<\/p>\n<p>&nbsp;<\/p>\n<p><strong><u>COME SI ACCEDE<\/u><\/strong><\/p>\n<p>Possono accedere al Poliambulatorio Il buon Samaritano persone che per motivi personali, sociali o culturali, non possono o non riescono ad utilizzare i servizi sanitari pubblici.<\/p>\n<p>In particolare, possono usufruire delle visite mediche specialistiche gratuite erogate dal Poliambulatorio:<\/p>\n<p>- persone assistite e segnalate dalla Caritas diocesana, dalle Caritas cittadine o dalle Caritas parrocchiali;<\/p>\n<p>- persone assistite o segnalate dai Servizi Sociali Comunali;<\/p>\n<p>- persone senza fissa dimora;<\/p>\n<p>- immigrati senza permesso di soggiorno o irregolari;<\/p>\n<p>- immigrati residenti presso centri di accoglienza o Sprar;<\/p>\n<p>- persone con reddito familiare superiore a \u20ac 36.151,98 ma con situazione socio-economica critica<\/p>\n<p>- persone con ISEE minore o uguale a 12.000,00 euro;<\/p>\n<p>- persone anziane o disabili con prenotazione visita ASL a lungo termine o in citt\u00e0 difficilmente \u00a0\u00a0raggiungibile.<\/p>\n<p>&nbsp;<\/p>\n<p><strong><u>MODALIT\u00c0 DI PRENOTAZIONE<\/u><\/strong><\/p>\n<p>Il Poliambulatorio Il buon Samaritano \u00e8 aperto al pubblico nei giorni luned\u00ec, mercoled\u00ec e venerd\u00ec dalle 17.00 alle 19.00. Qui i volontari impegnati nel servizio di accettazione si occupano di accogliere gli utenti ed effettuare le prenotazioni delle visite mediche. Per prenotazioni e informazioni sono disponibili anche il numero di telefono 080 3927111 e l\u2019indirizzo email <a href=\"mailto:epass.onlus@libero.it\">epass.onlus@libero.it<\/a>. Per accedere alle visite, gli utenti devono presentare la richiesta del proprio medico di base relativa alla visita medica specialistica da prenotare.<\/p>\n<p>&nbsp;<\/p>\n<\/div>\n<\/div><\/div><\/div><div id=\"pgc-1050-1-1\"  class=\"panel-grid-cell\" ><div id=\"panel-1050-1-1-0\" class=\"so-panel widget widget_sow-editor panel-first-child panel-last-child\" data-index=\"3\" ><div\n\t\t\t\n\t\t\tclass=\"so-widget-sow-editor so-widget-sow-editor-base\"\n\t\t\t\n\t\t>\n<div class=\"siteorigin-widget-tinymce textwidget\">\n\t<p><a href=\"https:\/\/www.facebook.com\/photo.php?fbid=381837725878992&amp;id=121550255241075&amp;set=a.151131772282923\"><img loading=\"lazy\" decoding=\"async\" class=\"alignnone size-medium wp-image-1084\" src=\"https:\/\/www.arcidiocesitrani.it\/caritas\/wp-content\/uploads\/sites\/11\/2024\/07\/Copia-di-Copia-di-Copia-di-Copia-di-Copia-di-Blu-Dinamico-Fitness-Anteprima-YouTube-300x169.png\" alt=\"\" width=\"300\" height=\"169\" srcset=\"https:\/\/www.arcidiocesitrani.it\/caritas\/wp-content\/uploads\/sites\/11\/2024\/07\/Copia-di-Copia-di-Copia-di-Copia-di-Copia-di-Blu-Dinamico-Fitness-Anteprima-YouTube-300x169.png 300w, https:\/\/www.arcidiocesitrani.it\/caritas\/wp-content\/uploads\/sites\/11\/2024\/07\/Copia-di-Copia-di-Copia-di-Copia-di-Copia-di-Blu-Dinamico-Fitness-Anteprima-YouTube-1024x576.png 1024w, https:\/\/www.arcidiocesitrani.it\/caritas\/wp-content\/uploads\/sites\/11\/2024\/07\/Copia-di-Copia-di-Copia-di-Copia-di-Copia-di-Blu-Dinamico-Fitness-Anteprima-YouTube-768x432.png 768w, https:\/\/www.arcidiocesitrani.it\/caritas\/wp-content\/uploads\/sites\/11\/2024\/07\/Copia-di-Copia-di-Copia-di-Copia-di-Copia-di-Blu-Dinamico-Fitness-Anteprima-YouTube-600x338.png 600w, https:\/\/www.arcidiocesitrani.it\/caritas\/wp-content\/uploads\/sites\/11\/2024\/07\/Copia-di-Copia-di-Copia-di-Copia-di-Copia-di-Blu-Dinamico-Fitness-Anteprima-YouTube-1200x675.png 1200w, https:\/\/www.arcidiocesitrani.it\/caritas\/wp-content\/uploads\/sites\/11\/2024\/07\/Copia-di-Copia-di-Copia-di-Copia-di-Copia-di-Blu-Dinamico-Fitness-Anteprima-YouTube-800x450.png 800w, https:\/\/www.arcidiocesitrani.it\/caritas\/wp-content\/uploads\/sites\/11\/2024\/07\/Copia-di-Copia-di-Copia-di-Copia-di-Copia-di-Blu-Dinamico-Fitness-Anteprima-YouTube.png 1280w\" sizes=\"(max-width: 300px) 100vw, 300px\" \/> <img loading=\"lazy\" decoding=\"async\" class=\"alignnone  wp-image-1088\" src=\"https:\/\/www.arcidiocesitrani.it\/caritas\/wp-content\/uploads\/sites\/11\/2024\/07\/buon-samaritano-300x251.jpeg\" alt=\"\" width=\"440\" height=\"368\" srcset=\"https:\/\/www.arcidiocesitrani.it\/caritas\/wp-content\/uploads\/sites\/11\/2024\/07\/buon-samaritano-300x251.jpeg 300w, https:\/\/www.arcidiocesitrani.it\/caritas\/wp-content\/uploads\/sites\/11\/2024\/07\/buon-samaritano-768x644.jpeg 768w, https:\/\/www.arcidiocesitrani.it\/caritas\/wp-content\/uploads\/sites\/11\/2024\/07\/buon-samaritano-600x503.jpeg 600w, https:\/\/www.arcidiocesitrani.it\/caritas\/wp-content\/uploads\/sites\/11\/2024\/07\/buon-samaritano-800x671.jpeg 800w, https:\/\/www.arcidiocesitrani.it\/caritas\/wp-content\/uploads\/sites\/11\/2024\/07\/buon-samaritano.jpeg 940w\" sizes=\"(max-width: 440px) 100vw, 440px\" \/><\/a><\/p>\n<\/div>\n<\/div><\/div><\/div><\/div><\/div><hr class=\"wpba_attachment_hr\"><div id='wpba_attachment_list' class='wpba wpba-wrap'>\n<ul class='wpba-attachment-list unstyled'><li id='wpba_attachment_list_1055' class='wpba-list-item pull-left'><img src='https:\/\/www.arcidiocesitrani.it\/caritas\/wp-content\/themes\/wp-starter-so\/icons\/document.png' width='16' height='20' class='wpba-icon pull-left'><a href='https:\/\/www.arcidiocesitrani.it\/caritas\/wp-content\/uploads\/sites\/11\/2024\/07\/richiesta-visita-medica-amb.-San-G.Moscati.pdf' title='richiesta visita medica amb. San G.Moscati' class='wpba-link pull-left' target=\"_blank\">richiesta visita medica amb. San G.Moscati<\/a><\/li>\n<\/ul><\/div>\n","protected":false},"excerpt":{"rendered":"<p>Cos\u2019\u00e8? Nasce il 2 ottobre 2020 per far fronte alle varie richieste legate alla povert\u00e0 sanitaria, offrendo visite specialistiche. L\u2019ambulatorio \u00e8 gestito dall\u2019Associazione Orizzonti e dai Volontari della Croce Rossa Italiana, dove quest\u2019ultimi supportano i medici Volontari nella gestione delle visite. &nbsp; Dove si trova? L\u2019ambulatorio \u00e8 ubicato all\u2019interno di una nuova struttura messa a disposizione della parrocchia dello Spirito Santo di Trani in Via &hellip; <a href=\"https:\/\/www.arcidiocesitrani.it\/caritas\/ambulatorio-medico\/\" class=\"more-link\">Continua a leggere <span class=\"screen-reader-text\"><\/span> <span class=\"meta-nav\">&raquo;<\/span><\/a><\/p>\n","protected":false},"author":9,"featured_media":0,"parent":0,"menu_order":0,"comment_status":"closed","ping_status":"closed","template":"","meta":{"_acf_changed":false,"ip_address":"","user_agent":"","level":"","revision":"","cookie_id":"","page_referer":"","html_form":"","footnotes":""},"acf":[],"_links":{"self":[{"href":"https:\/\/www.arcidiocesitrani.it\/caritas\/wp-json\/wp\/v2\/pages\/1050"}],"collection":[{"href":"https:\/\/www.arcidiocesitrani.it\/caritas\/wp-json\/wp\/v2\/pages"}],"about":[{"href":"https:\/\/www.arcidiocesitrani.it\/caritas\/wp-json\/wp\/v2\/types\/page"}],"author":[{"embeddable":true,"href":"https:\/\/www.arcidiocesitrani.it\/caritas\/wp-json\/wp\/v2\/users\/9"}],"replies":[{"embeddable":true,"href":"https:\/\/www.arcidiocesitrani.it\/caritas\/wp-json\/wp\/v2\/comments?post=1050"}],"version-history":[{"count":7,"href":"https:\/\/www.arcidiocesitrani.it\/caritas\/wp-json\/wp\/v2\/pages\/1050\/revisions"}],"predecessor-version":[{"id":1090,"href":"https:\/\/www.arcidiocesitrani.it\/caritas\/wp-json\/wp\/v2\/pages\/1050\/revisions\/1090"}],"wp:attachment":[{"href":"https:\/\/www.arcidiocesitrani.it\/caritas\/wp-json\/wp\/v2\/media?parent=1050"}],"curies":[{"name":"wp","href":"https:\/\/api.w.org\/{rel}","templated":true}]}}