{"id":1123,"date":"2024-07-25T09:50:48","date_gmt":"2024-07-25T07:50:48","guid":{"rendered":"https:\/\/www.arcidiocesitrani.it\/caritas\/?page_id=1123"},"modified":"2024-07-26T10:50:45","modified_gmt":"2024-07-26T08:50:45","slug":"nessuno-e-straniero-6-incontro","status":"publish","type":"page","link":"https:\/\/www.arcidiocesitrani.it\/caritas\/nessuno-e-straniero-6-incontro\/","title":{"rendered":"Nessuno \u00e8 straniero 6\u00b0 INCONTRO"},"content":{"rendered":"<h6><strong><a href=\"https:\/\/www.arcidiocesitrani.it\/caritas\/wp-content\/uploads\/sites\/11\/2024\/07\/6-Preghiera_Nessuno-e-straniero.pdf\">6 Preghiera_Nessuno \u00e8 straniero<\/a> <\/strong><\/h6>\n<h6><strong><a href=\"https:\/\/www.arcidiocesitrani.it\/caritas\/wp-content\/uploads\/sites\/11\/2024\/07\/6.1-Riflessione_Nessuno-e-straniero.pdf\">6.1 Riflessione_Nessuno \u00e8 straniero<\/a> <\/strong><\/h6>\n<h6><strong><a href=\"https:\/\/www.arcidiocesitrani.it\/caritas\/wp-content\/uploads\/sites\/11\/2024\/07\/6.3-Analisi-SWOT_Nessuno-e-straniero.pdf\">6.3 Analisi SWOT_Nessuno \u00e8 straniero<\/a><\/strong><\/h6>\n<p><iframe loading=\"lazy\" title=\"FORMAZIONE CARITAS - NESSUNO E&#039; STRANIERO PAOLA SALEEM SPOSI\" width=\"800\" height=\"450\" src=\"https:\/\/www.youtube.com\/embed\/CQuoTkSH_-E?feature=oembed\" frameborder=\"0\" allow=\"accelerometer; autoplay; clipboard-write; encrypted-media; gyroscope; picture-in-picture; web-share\" referrerpolicy=\"strict-origin-when-cross-origin\" allowfullscreen><\/iframe><\/p>\n<p>&nbsp;<\/p>\n","protected":false},"excerpt":{"rendered":"<p>6 Preghiera_Nessuno \u00e8 straniero 6.1 Riflessione_Nessuno \u00e8 straniero 6.3 Analisi SWOT_Nessuno \u00e8 straniero &nbsp;<\/p>\n","protected":false},"author":9,"featured_media":0,"parent":0,"menu_order":0,"comment_status":"closed","ping_status":"closed","template":"","meta":{"_acf_changed":false,"ip_address":"","user_agent":"","level":"","revision":"","cookie_id":"","page_referer":"","html_form":"","footnotes":""},"acf":[],"_links":{"self":[{"href":"https:\/\/www.arcidiocesitrani.it\/caritas\/wp-json\/wp\/v2\/pages\/1123"}],"collection":[{"href":"https:\/\/www.arcidiocesitrani.it\/caritas\/wp-json\/wp\/v2\/pages"}],"about":[{"href":"https:\/\/www.arcidiocesitrani.it\/caritas\/wp-json\/wp\/v2\/types\/page"}],"author":[{"embeddable":true,"href":"https:\/\/www.arcidiocesitrani.it\/caritas\/wp-json\/wp\/v2\/users\/9"}],"replies":[{"embeddable":true,"href":"https:\/\/www.arcidiocesitrani.it\/caritas\/wp-json\/wp\/v2\/comments?post=1123"}],"version-history":[{"count":3,"href":"https:\/\/www.arcidiocesitrani.it\/caritas\/wp-json\/wp\/v2\/pages\/1123\/revisions"}],"predecessor-version":[{"id":1128,"href":"https:\/\/www.arcidiocesitrani.it\/caritas\/wp-json\/wp\/v2\/pages\/1123\/revisions\/1128"}],"wp:attachment":[{"href":"https:\/\/www.arcidiocesitrani.it\/caritas\/wp-json\/wp\/v2\/media?parent=1123"}],"curies":[{"name":"wp","href":"https:\/\/api.w.org\/{rel}","templated":true}]}}