{"id":190,"date":"2023-03-02T19:59:37","date_gmt":"2023-03-02T18:59:37","guid":{"rendered":"https:\/\/www.arcidiocesitrani.it\/caritas\/?page_id=190"},"modified":"2024-07-04T09:07:12","modified_gmt":"2024-07-04T07:07:12","slug":"chi-siamo","status":"publish","type":"page","link":"https:\/\/www.arcidiocesitrani.it\/caritas\/chi-siamo\/","title":{"rendered":"CHI SIAMO"},"content":{"rendered":"<p>\u00abEducare alla cura del debole \u00e8 un momento irrinunciabile della vocazione cristiana: solo nel servizio agli ultimi del mondo ritroviamo la nostra piena umanit\u00e0. \u201cOgni cristiano e ogni comunit\u00e0 sono chiamati ad essere strumenti di Dio per la liberazione e la promozione dei poveri, in modo che essi possano integrarsi pienamente nella societ\u00e0; questo suppone che siamo docili e attenti ad ascolta re il grido del povero e soccorrerlo\u201d. Nella Diocesi, fondamentale \u00e8 il ruolo pedagogico della Caritas, che contribuisce a una co-progettazione, soprattutto nell\u2019ambito della catechesi e della liturgia, affinch\u00e9 l\u2019impegno non venga delegato ai singoli individui, ma coinvolga tutta la comunit\u00e0 cristiana, in una carit\u00e0 di popolo\u00bb (Libro Sinodale n. 353).<\/p>\n<p><strong>DA VOLONTARIO CARITAS AD ANIMATORE DELLA COMUNIT\u00c0 ALLA CARIT\u00c0<\/strong><\/p>\n<p>\u00abOperatore: \u00e8 un collaboratore della Caritas che pu\u00f2 essere Volontario, quando offre il suo servizio in modo gratuito, nel suo tempo libero, oppure Professionista, quando svolge il suo servizio a fronte di una remunerazione o di uno stipendio.<br \/>\nAnimatore: \u00e8 l\u2019Operatore, Volontario o Professionista, che ha svolto un cammino formativo che lo ha condotto a una maturit\u00e0 ecclesiale grazie alla quale sa interpretare il suo servizio come finalizzato alla crescita di tutta la comunit\u00e0 cristiana sul tema della carit\u00e0.<br \/>\nQuesta trasformazione da Operatore ad Animatore significa forse abbandonare le opere di carit\u00e0? Certamente no! Il Vangelo, la Chiesa ci chiama alle opere di misericordia spirituale e corporale.<br \/>\nPotremmo dire in modo semplice che mentre il servizio dell\u2019Operatore \u00e8 finalizzato alla realizzazione di opere, il servizio dell\u2019Animatore \u00e8 finalizzato, attraverso la realizzazione di opere, alla crescita di tutta la comunit\u00e0 cristiana sul tema della carit\u00e0\u00bb (Mons. Leonardo D\u2019Ascenzo, Percorso diocesano di formazione base per i volontari delle Caritas parrocchiali, 15 aprile 2023).<\/p>\n<p><strong>L&#8217;ANIMATORE \u00c8 UN TESTIMONE<\/strong><\/p>\n<p>\u00abLa motivazione fondamentale: il perch\u00e9 del come!<br \/>\nIl perch\u00e9 del come: Deus caritas est.<br \/>\nCaritas \u00e8 il nome di Dio. Caritas esprime il mistero stesso di Dio l\u2019immagine cristiana di Dio, la natura profonda della Chiesa, la vocazione e l\u2019autentica realizzazione dell\u2019uomo.<br \/>\nSiamo immagine e somiglianza di questa Caritas\u2026<br \/>\nIn ogni opera che l\u2019Animatore compie, \u00e8 accompagnato da questa duplice motivazione: la sorella o il fratello che ho davanti \u00e8 una persona come me, bisognosa di amore;<br \/>\nio sono immagine della Carit\u00e0, \u00e8 questa la mia verit\u00e0 pi\u00f9 profonda, non posso che esprimermi in questa maniera, \u00e8 la mia vocazione\u00bb (Mons. Leonardo D\u2019Ascenzo, Percorso diocesano di formazione base per i volontari delle Caritas parrocchiali, 15 aprile 2023).<\/p>\n","protected":false},"excerpt":{"rendered":"<p>\u00abEducare alla cura del debole \u00e8 un momento irrinunciabile della vocazione cristiana: solo nel servizio agli ultimi del mondo ritroviamo la nostra piena umanit\u00e0. \u201cOgni cristiano e ogni comunit\u00e0 sono chiamati ad essere strumenti di Dio per la liberazione e la promozione dei poveri, in modo che essi possano integrarsi pienamente nella societ\u00e0; questo suppone che siamo docili e attenti ad ascolta re il grido &hellip; <a href=\"https:\/\/www.arcidiocesitrani.it\/caritas\/chi-siamo\/\" class=\"more-link\">Continua a leggere <span class=\"screen-reader-text\"><\/span> <span class=\"meta-nav\">&raquo;<\/span><\/a><\/p>\n","protected":false},"author":9,"featured_media":0,"parent":0,"menu_order":0,"comment_status":"closed","ping_status":"closed","template":"","meta":{"_acf_changed":false,"ip_address":"","user_agent":"","level":"","revision":"","cookie_id":"","page_referer":"","html_form":"","footnotes":""},"acf":[],"_links":{"self":[{"href":"https:\/\/www.arcidiocesitrani.it\/caritas\/wp-json\/wp\/v2\/pages\/190"}],"collection":[{"href":"https:\/\/www.arcidiocesitrani.it\/caritas\/wp-json\/wp\/v2\/pages"}],"about":[{"href":"https:\/\/www.arcidiocesitrani.it\/caritas\/wp-json\/wp\/v2\/types\/page"}],"author":[{"embeddable":true,"href":"https:\/\/www.arcidiocesitrani.it\/caritas\/wp-json\/wp\/v2\/users\/9"}],"replies":[{"embeddable":true,"href":"https:\/\/www.arcidiocesitrani.it\/caritas\/wp-json\/wp\/v2\/comments?post=190"}],"version-history":[{"count":2,"href":"https:\/\/www.arcidiocesitrani.it\/caritas\/wp-json\/wp\/v2\/pages\/190\/revisions"}],"predecessor-version":[{"id":1038,"href":"https:\/\/www.arcidiocesitrani.it\/caritas\/wp-json\/wp\/v2\/pages\/190\/revisions\/1038"}],"wp:attachment":[{"href":"https:\/\/www.arcidiocesitrani.it\/caritas\/wp-json\/wp\/v2\/media?parent=190"}],"curies":[{"name":"wp","href":"https:\/\/api.w.org\/{rel}","templated":true}]}}