{"id":45,"date":"2021-04-08T17:58:50","date_gmt":"2021-04-08T15:58:50","guid":{"rendered":"http:\/\/www.arcidiocesitrani.it\/irc\/?page_id=45"},"modified":"2021-04-08T17:58:50","modified_gmt":"2021-04-08T15:58:50","slug":"tirocinio-e-didattica","status":"publish","type":"page","link":"https:\/\/www.arcidiocesitrani.it\/irc\/tirocinio-e-didattica\/","title":{"rendered":"Tirocinio e Didattica"},"content":{"rendered":"<p>La religione cattolica \u00e8 parte costitutiva del patrimonio culturale, storico ed umano della societ\u00e0 italiana; per questo, secondo le indicazioni dell\u2019Accordo di revisione del Concordato, la Scuola Italiana si avvale della collaborazione della Chiesa cattolica per far conoscere i principi del cattolicesimo a tutti gli studenti che vogliano avvalersi di questa opportunit\u00e0. L\u2019insegnamento della religione cattolica (Irc) a scuola, mentre offre una prima conoscenza dei dati storico-positivi della Rivelazione cristiana, favorisce e accompagna lo sviluppo intellettuale e di tutti gli altri aspetti della persona, mediante l\u2019approfondimento critico delle questioni di fondo poste dalla religione stessa. Per tale motivo, come espressione della laicit\u00e0 dello stato, l\u2019Irc \u00e8 offerto a tutti in quanto opportunit\u00e0 preziosa per la conoscenza del cristianesimo, come radice di tanta parte della cultura italiana ed europea. Stanti le disposizioni concordatarie, nel rispetto della libert\u00e0 di coscienza, \u00e8 data agli studenti la possibilit\u00e0 di avvalersi o meno dell\u2019Irc.<\/p>\n<p><strong>La proposta educativa dell\u2019Irc<\/strong>\u00a0consistente nella risposta cristiano-cattolica ai grandi interrogativi posti dalla condizione umana (ricerca identitaria, vita di relazione, complessit\u00e0 del reale, scelte di valore, origine e fine della vita, radicali domande di senso \u2026),\u00a0<strong>sar\u00e0 offerta nel rispetto del processo di crescita della persona e con modalit\u00e0 diversificate a seconda della specifica fascia d\u2019et\u00e0,<\/strong>\u00a0approfondendo le implicazioni antropologiche, sociali e valoriali, e promuovendo un confronto mediante il quale la persona, esercitando la propria libert\u00e0, riflette e si orienta per la scelta di un responsabile progetto di vita. Emerge cos\u00ec un ulteriore contributo dell\u2019Irc alla formazione di persone capaci di dialogo e di rispetto delle differenze, di comportamenti di reciproca comprensione, in un contesto di pluralismo culturale e religioso.<\/p>\n<p><a href=\"https:\/\/www.arcidiocesitrani.it\/irc\/wp-content\/uploads\/sites\/4\/2021\/04\/ELENCO-GRADUATO-agg.pdf\">ELENCO-GRADUATO-agg<\/a><\/p>\n<hr class=\"wpba_attachment_hr\"><div id='wpba_attachment_list' class='wpba wpba-wrap'>\n<ul class='wpba-attachment-list unstyled'><li id='wpba_attachment_list_46' class='wpba-list-item pull-left'><img src='https:\/\/www.arcidiocesitrani.it\/irc\/wp-content\/themes\/wp-starter-so\/icons\/document.png' width='16' height='20' class='wpba-icon pull-left'><a href='https:\/\/www.arcidiocesitrani.it\/irc\/wp-content\/uploads\/sites\/4\/2021\/04\/ELENCO-GRADUATO-agg.pdf' title='ELENCO-GRADUATO-agg' class='wpba-link pull-left' target=\"_blank\">ELENCO-GRADUATO-agg<\/a><\/li>\n<\/ul><\/div>\n","protected":false},"excerpt":{"rendered":"<p>La religione cattolica \u00e8 parte costitutiva del patrimonio culturale, storico ed umano della societ\u00e0 italiana; per questo, secondo le indicazioni dell\u2019Accordo di revisione del Concordato, la Scuola Italiana si avvale della collaborazione della Chiesa cattolica per far conoscere i principi del cattolicesimo a tutti gli studenti che vogliano avvalersi di questa opportunit\u00e0. L\u2019insegnamento della religione cattolica (Irc) a scuola, mentre offre una prima conoscenza dei &hellip; <a href=\"https:\/\/www.arcidiocesitrani.it\/irc\/tirocinio-e-didattica\/\" class=\"more-link\">Continua a leggere <span class=\"screen-reader-text\"><\/span> <span class=\"meta-nav\">&raquo;<\/span><\/a><\/p>\n","protected":false},"author":1,"featured_media":0,"parent":0,"menu_order":0,"comment_status":"closed","ping_status":"closed","template":"","meta":{"_acf_changed":false,"ip_address":"","user_agent":"","level":"","revision":"","cookie_id":"","page_referer":"","html_form":"","footnotes":""},"acf":[],"_links":{"self":[{"href":"https:\/\/www.arcidiocesitrani.it\/irc\/wp-json\/wp\/v2\/pages\/45"}],"collection":[{"href":"https:\/\/www.arcidiocesitrani.it\/irc\/wp-json\/wp\/v2\/pages"}],"about":[{"href":"https:\/\/www.arcidiocesitrani.it\/irc\/wp-json\/wp\/v2\/types\/page"}],"author":[{"embeddable":true,"href":"https:\/\/www.arcidiocesitrani.it\/irc\/wp-json\/wp\/v2\/users\/1"}],"replies":[{"embeddable":true,"href":"https:\/\/www.arcidiocesitrani.it\/irc\/wp-json\/wp\/v2\/comments?post=45"}],"version-history":[{"count":1,"href":"https:\/\/www.arcidiocesitrani.it\/irc\/wp-json\/wp\/v2\/pages\/45\/revisions"}],"predecessor-version":[{"id":47,"href":"https:\/\/www.arcidiocesitrani.it\/irc\/wp-json\/wp\/v2\/pages\/45\/revisions\/47"}],"wp:attachment":[{"href":"https:\/\/www.arcidiocesitrani.it\/irc\/wp-json\/wp\/v2\/media?parent=45"}],"curies":[{"name":"wp","href":"https:\/\/api.w.org\/{rel}","templated":true}]}}