{"id":53,"date":"2021-09-20T12:35:35","date_gmt":"2021-09-20T10:35:35","guid":{"rendered":"https:\/\/www.arcidiocesitrani.it\/archivi\/?page_id=53"},"modified":"2025-10-08T15:53:55","modified_gmt":"2025-10-08T13:53:55","slug":"biblioteche","status":"publish","type":"page","link":"https:\/\/www.arcidiocesitrani.it\/mab\/biblioteche\/","title":{"rendered":"BIBLIOTECHE"},"content":{"rendered":"<div class=\"entry-content-page\">\n<div id=\"panel-7-1-1-0\" class=\"so-panel widget widget_sow-editor panel-first-child\" data-index=\"5\">\n<div id=\"vescovo_hp\" class=\"panel-widget-style panel-widget-style-for-7-1-1-0\">\n<div class=\"so-widget-sow-editor so-widget-sow-editor-base\">\n<div class=\"siteorigin-widget-tinymce textwidget\">\n<p><strong>Direttore<\/strong>\u00a0Sac. Ruggiero LATTANZIO<\/p>\n<article id=\"post-9358\" class=\"post-9358 post type-post status-publish format-standard has-post-thumbnail hentry category-news category-ufficio-diocesano-beni-culturali\">\n<div class=\"entry-content-post\">\n<p>&nbsp;<\/p>\n<\/div>\n<footer class=\"entry-meta\">\n<div class=\"entry-meta-footer\"><strong style=\"font-size: inherit;color: #0a0a0a\">Biblioteca Diocesana \u201cArcivescovo Giovanni\u201d \u2013 Trani<\/strong><\/div>\n<div><a href=\"http:\/\/www.anagrafebbcc.chiesacattolica.it\/anagraficaCEIBib\/public\/VisualizzaScheda.do?codice_cei=CEI558B00002\"><img loading=\"lazy\" decoding=\"async\" class=\"alignnone size-medium wp-image-1619\" src=\"https:\/\/www.arcidiocesitrani.it\/mab\/wp-content\/uploads\/sites\/9\/2024\/06\/ANAGRAFE_-300x77.png\" alt=\"\" width=\"300\" height=\"77\" srcset=\"https:\/\/www.arcidiocesitrani.it\/mab\/wp-content\/uploads\/sites\/9\/2024\/06\/ANAGRAFE_-300x77.png 300w, https:\/\/www.arcidiocesitrani.it\/mab\/wp-content\/uploads\/sites\/9\/2024\/06\/ANAGRAFE_-1024x262.png 1024w, https:\/\/www.arcidiocesitrani.it\/mab\/wp-content\/uploads\/sites\/9\/2024\/06\/ANAGRAFE_-768x197.png 768w, https:\/\/www.arcidiocesitrani.it\/mab\/wp-content\/uploads\/sites\/9\/2024\/06\/ANAGRAFE_-1536x394.png 1536w, https:\/\/www.arcidiocesitrani.it\/mab\/wp-content\/uploads\/sites\/9\/2024\/06\/ANAGRAFE_-2048x525.png 2048w, https:\/\/www.arcidiocesitrani.it\/mab\/wp-content\/uploads\/sites\/9\/2024\/06\/ANAGRAFE_-600x154.png 600w, https:\/\/www.arcidiocesitrani.it\/mab\/wp-content\/uploads\/sites\/9\/2024\/06\/ANAGRAFE_-1200x308.png 1200w, https:\/\/www.arcidiocesitrani.it\/mab\/wp-content\/uploads\/sites\/9\/2024\/06\/ANAGRAFE_-800x205.png 800w\" sizes=\"(max-width: 300px) 100vw, 300px\" \/><\/a><\/div>\n<\/footer>\n<\/article>\n<\/div>\n<\/div>\n<\/div>\n<\/div>\n<\/div>\n<p><strong>Orari di apertura<\/strong><\/p>\n<p>luned\u00ec (16,00-18,00), marted\u00ec (9,00-13,00), mercoled\u00ec (9,00-13,00), gioved\u00ec (16,00-18,00).<\/p>\n<p>Piazza C. Battisti, 16<\/p>\n<p><a href=\"mailto:bibliotecatrani@arcidiocesitrani.it\">bibliotecatrani@arcidiocesitrani.it<\/a><\/p>\n<p>0883.494201<\/p>\n<p><strong>\u00a0<\/strong><strong>Biblioteca Diocesana \u201cPio IX\u201d \u2013 Barletta<\/strong><\/p>\n<p><a href=\"http:\/\/www.anagrafebbcc.chiesacattolica.it\/anagraficaCEIBib\/public\/VisualizzaScheda.do?codice_cei=CEI558B00001\"><img loading=\"lazy\" decoding=\"async\" class=\"alignnone size-medium wp-image-1619\" src=\"https:\/\/www.arcidiocesitrani.it\/mab\/wp-content\/uploads\/sites\/9\/2024\/06\/ANAGRAFE_-300x77.png\" alt=\"\" width=\"300\" height=\"77\" srcset=\"https:\/\/www.arcidiocesitrani.it\/mab\/wp-content\/uploads\/sites\/9\/2024\/06\/ANAGRAFE_-300x77.png 300w, https:\/\/www.arcidiocesitrani.it\/mab\/wp-content\/uploads\/sites\/9\/2024\/06\/ANAGRAFE_-1024x262.png 1024w, https:\/\/www.arcidiocesitrani.it\/mab\/wp-content\/uploads\/sites\/9\/2024\/06\/ANAGRAFE_-768x197.png 768w, https:\/\/www.arcidiocesitrani.it\/mab\/wp-content\/uploads\/sites\/9\/2024\/06\/ANAGRAFE_-1536x394.png 1536w, https:\/\/www.arcidiocesitrani.it\/mab\/wp-content\/uploads\/sites\/9\/2024\/06\/ANAGRAFE_-2048x525.png 2048w, https:\/\/www.arcidiocesitrani.it\/mab\/wp-content\/uploads\/sites\/9\/2024\/06\/ANAGRAFE_-600x154.png 600w, https:\/\/www.arcidiocesitrani.it\/mab\/wp-content\/uploads\/sites\/9\/2024\/06\/ANAGRAFE_-1200x308.png 1200w, https:\/\/www.arcidiocesitrani.it\/mab\/wp-content\/uploads\/sites\/9\/2024\/06\/ANAGRAFE_-800x205.png 800w\" sizes=\"(max-width: 300px) 100vw, 300px\" \/><\/a><\/p>\n<p><strong>Orari di apertura<\/strong><\/p>\n<p>luned\u00ec (9,00-13,00), gioved\u00ec (15,30-19,30), venerd\u00ec (9,00-13,00).<\/p>\n<p>Via Nazaret, 64<\/p>\n<p><a href=\"mailto:bibliotecabarletta@arcidiocesitrani.it\">bibliotecabarletta@arcidiocesitrani.it<\/a><\/p>\n<p>0883.531274<\/p>\n<p><strong>\u00a0<\/strong><strong>Biblioteca Diocesana \u201cSan Tommaso d\u2019Aquino\u201d \u2013 Bisceglie<\/strong><\/p>\n<p><a href=\"http:\/\/www.anagrafebbcc.chiesacattolica.it\/anagraficaCEIBib\/public\/VisualizzaScheda.do?codice_cei=CEI558B00003\"><img loading=\"lazy\" decoding=\"async\" class=\"alignnone size-medium wp-image-1619\" src=\"https:\/\/www.arcidiocesitrani.it\/mab\/wp-content\/uploads\/sites\/9\/2024\/06\/ANAGRAFE_-300x77.png\" alt=\"\" width=\"300\" height=\"77\" srcset=\"https:\/\/www.arcidiocesitrani.it\/mab\/wp-content\/uploads\/sites\/9\/2024\/06\/ANAGRAFE_-300x77.png 300w, https:\/\/www.arcidiocesitrani.it\/mab\/wp-content\/uploads\/sites\/9\/2024\/06\/ANAGRAFE_-1024x262.png 1024w, https:\/\/www.arcidiocesitrani.it\/mab\/wp-content\/uploads\/sites\/9\/2024\/06\/ANAGRAFE_-768x197.png 768w, https:\/\/www.arcidiocesitrani.it\/mab\/wp-content\/uploads\/sites\/9\/2024\/06\/ANAGRAFE_-1536x394.png 1536w, https:\/\/www.arcidiocesitrani.it\/mab\/wp-content\/uploads\/sites\/9\/2024\/06\/ANAGRAFE_-2048x525.png 2048w, https:\/\/www.arcidiocesitrani.it\/mab\/wp-content\/uploads\/sites\/9\/2024\/06\/ANAGRAFE_-600x154.png 600w, https:\/\/www.arcidiocesitrani.it\/mab\/wp-content\/uploads\/sites\/9\/2024\/06\/ANAGRAFE_-1200x308.png 1200w, https:\/\/www.arcidiocesitrani.it\/mab\/wp-content\/uploads\/sites\/9\/2024\/06\/ANAGRAFE_-800x205.png 800w\" sizes=\"(max-width: 300px) 100vw, 300px\" \/><\/a><\/p>\n<p><strong>Orari di apertura<\/strong><\/p>\n<p>marted\u00ec (15,30-19,30), mercoled\u00ec (15,30-19,30), venerd\u00ec (9,00-13,00).<\/p>\n<p>Via Seminario, 42<\/p>\n<p><a href=\"mailto:bibliotecabisceglie@arcidiocesitrani.it\">bibliotecabisceglie@arcidiocesitrani.it<\/a><\/p>\n<p>080.3955061<\/p>\n<p><strong>\u00a0<\/strong><strong>Biblioteca del Monastero San Ruggero \u2013 Barletta<\/strong><\/p>\n<p>Via Cialdini, 94<\/p>\n<p><a href=\"mailto:monasterosanruggero@gmail.com\">monasterosanruggero@gmail.com<\/a><\/p>\n<p>0883.332366<\/p>\n<p><strong>\u00a0<\/strong><strong>Biblioteca dei Rogazionisti \u201cS. Annibale di Francia\u201d \u2013 Trani<\/strong><\/p>\n<p>Via S. Annibale di Francia, 133<\/p>\n<p><a href=\"mailto:rogtrani@libero.it\">rogtrani@libero.it<\/a><\/p>\n<p>0883.580120<strong>\u00a0\u00a0<\/strong><\/p>\n<p><strong>Biblioteca parrocchiale \u201cIl Granaio\u201d \u2013 Barletta<\/strong><\/p>\n<p>Via P. Raffaele Di Bari, 2<\/p>\n<p><a href=\"mailto:bibliotecailgranaio@gmail.com\">bibliotecailgranaio@gmail.com<\/a><\/p>\n<p>0883.535100<strong>\u00a0 \u00a0 \u00a0 \u00a0\u00a0<\/strong><\/p>\n<p><strong>Biblioteca parrocchiale \u201cdon Milani\u201d \u2013 San Ferdinando di Puglia<\/strong><\/p>\n<p>Via della Speranza, 5<\/p>\n<p><a href=\"mailto:bibliotecadonmilani@libero.it\">bibliotecadonmilani@libero.it<\/a><\/p>\n<p>0883.760492<\/p>\n","protected":false},"excerpt":{"rendered":"<p>Direttore\u00a0Sac. Ruggiero LATTANZIO &nbsp; Biblioteca Diocesana \u201cArcivescovo Giovanni\u201d \u2013 Trani Orari di apertura luned\u00ec (16,00-18,00), marted\u00ec (9,00-13,00), mercoled\u00ec (9,00-13,00), gioved\u00ec (16,00-18,00). Piazza C. Battisti, 16 bibliotecatrani@arcidiocesitrani.it 0883.494201 \u00a0Biblioteca Diocesana \u201cPio IX\u201d \u2013 Barletta Orari di apertura luned\u00ec (9,00-13,00), gioved\u00ec (15,30-19,30), venerd\u00ec (9,00-13,00). Via Nazaret, 64 bibliotecabarletta@arcidiocesitrani.it 0883.531274 \u00a0Biblioteca Diocesana \u201cSan Tommaso d\u2019Aquino\u201d \u2013 Bisceglie Orari di apertura marted\u00ec (15,30-19,30), mercoled\u00ec (15,30-19,30), venerd\u00ec (9,00-13,00). Via Seminario, &hellip; <a href=\"https:\/\/www.arcidiocesitrani.it\/mab\/biblioteche\/\" class=\"more-link\">Continua a leggere <span class=\"screen-reader-text\"><\/span> <span class=\"meta-nav\">&raquo;<\/span><\/a><\/p>\n","protected":false},"author":9,"featured_media":0,"parent":0,"menu_order":0,"comment_status":"closed","ping_status":"closed","template":"","meta":{"_acf_changed":false,"ip_address":"","user_agent":"","level":"","revision":"","cookie_id":"","page_referer":"","html_form":"","footnotes":""},"acf":[],"_links":{"self":[{"href":"https:\/\/www.arcidiocesitrani.it\/mab\/wp-json\/wp\/v2\/pages\/53"}],"collection":[{"href":"https:\/\/www.arcidiocesitrani.it\/mab\/wp-json\/wp\/v2\/pages"}],"about":[{"href":"https:\/\/www.arcidiocesitrani.it\/mab\/wp-json\/wp\/v2\/types\/page"}],"author":[{"embeddable":true,"href":"https:\/\/www.arcidiocesitrani.it\/mab\/wp-json\/wp\/v2\/users\/9"}],"replies":[{"embeddable":true,"href":"https:\/\/www.arcidiocesitrani.it\/mab\/wp-json\/wp\/v2\/comments?post=53"}],"version-history":[{"count":11,"href":"https:\/\/www.arcidiocesitrani.it\/mab\/wp-json\/wp\/v2\/pages\/53\/revisions"}],"predecessor-version":[{"id":2362,"href":"https:\/\/www.arcidiocesitrani.it\/mab\/wp-json\/wp\/v2\/pages\/53\/revisions\/2362"}],"wp:attachment":[{"href":"https:\/\/www.arcidiocesitrani.it\/mab\/wp-json\/wp\/v2\/media?parent=53"}],"curies":[{"name":"wp","href":"https:\/\/api.w.org\/{rel}","templated":true}]}}