{"id":29,"date":"2021-06-07T14:18:31","date_gmt":"2021-06-07T12:18:31","guid":{"rendered":"http:\/\/www.arcidiocesitrani.it\/policoro\/?page_id=29"},"modified":"2021-06-07T15:32:09","modified_gmt":"2021-06-07T13:32:09","slug":"chi-siamo","status":"publish","type":"page","link":"https:\/\/www.arcidiocesitrani.it\/policoro\/chi-siamo\/","title":{"rendered":"CHI SIAMO"},"content":{"rendered":"<p>\u201cIl Progetto Policoro\u00a0\u00e8 un progetto organico della Chiesa italiana che tenta di dare una risposta concreta al problema della disoccupazione in Italia.<\/p>\n<p>Attraverso il Progetto, si vuole affrontare il problema della disoccupazione giovanile, attivando iniziative di formazione a una nuova cultura del lavoro, promuovendo e sostenendo l\u2019imprenditorialit\u00e0 giovanile in un\u2019ottica di sussidiariet\u00e0, solidariet\u00e0 e legalit\u00e0, secondo i principi della Dottrina Sociale della Chiesa.\u200b\u201d<\/p>\n<header class=\"entry-header\">\n<h1 class=\"entry-title-page\">Il Progetto<\/h1>\n<\/header>\n<div class=\"entry-content-page\">\n<p>Il Progetto Policoro\u00a0\u00e8 un progetto organico della Chiesa italiana che tenta di dare una risposta concreta al problema della disoccupazione in Italia. Policoro, citt\u00e0 in Provincia di Matera, \u00e8 il luogo dove si svolse il primo incontro il 14 dicembre del 1995 voluto da\u00a0<a href=\"http:\/\/fondazioneoperti.it\/fondazione\/don-mario-operti\">don Mario Operti<\/a>.<\/p>\n<p>Attraverso il Progetto, si vuole affrontare il problema della disoccupazione giovanile, attivando iniziative di formazione a una nuova cultura del lavoro, promuovendo e sostenendo l\u2019imprenditorialit\u00e0 giovanile in un\u2019ottica di sussidiariet\u00e0, solidariet\u00e0 e legalit\u00e0, secondo i principi della Dottrina Sociale della Chiesa.<\/p>\n<header class=\"entry-header\">\n<h1 class=\"entry-title-page\">Soggetti promotori<\/h1>\n<\/header>\n<div class=\"entry-content-page\">\n<p><strong>Il Progetto Policoro \u00e8 un progetto organico della Conferenza Episcopale Italiana promosso dagli Uffici:<\/strong><\/p>\n<p><strong><a href=\"http:\/\/lavoro.chiesacattolica.it\/\"><img loading=\"lazy\" decoding=\"async\" class=\"alignnone wp-image-14374 size-medium\" src=\"https:\/\/www.progettopolicoro.it\/wp-content\/uploads\/sites\/2\/2019\/06\/Ufficio-Nazionale-per-i-Problemi-Sociali-e-il-Lavoro-Orizzontale-Positivo-340x147.png\" alt=\"\" width=\"340\" height=\"147\" \/><\/a><\/strong><\/p>\n<p>L\u2019Ufficio Nazionale per i problemi sociali e il lavoro \u00e8 stato istituito dal Consiglio Episcopale Permanente nella sessione del 22-24 aprile 1975. Nel 1992 all\u2019ambito del \u201clavoro\u201d si sono aggiunti l\u2019\u201ceconomia\u201d e la \u201cpolitica\u201d. Nel 2000, a seguito dell\u2019accorpamento della Commissione Ecclesiale giustizia e pace nella Commissione Episcopale per i problemi sociali e il lavoro, la giustizia e la pace, l\u2019Ufficio si \u00e8 arricchito degli ambiti \u201cgiustizia e pace\u201d e \u201ccustodia del creato\u201d. Attraverso la propria Consulta assicura il collegamento con le regioni ecclesiastiche, le diocesi e altri soggetti ecclesiali di rilievo nazionale e usufruisce di una qualificata consulenza.<\/p>\n<p>&nbsp;<\/p>\n<p><strong><a href=\"http:\/\/giovani.chiesacattolica.it\/\"><img loading=\"lazy\" decoding=\"async\" class=\"alignnone wp-image-14373\" src=\"https:\/\/www.progettopolicoro.it\/wp-content\/uploads\/sites\/2\/2019\/06\/logo_trasparente-340x121.jpg\" alt=\"\" width=\"227\" height=\"81\" \/><\/a><\/strong><\/p>\n<p>Nel contesto delle finalit\u00e0 della Conferenza Episcopale Italiana, il Servizio offre alle Chiese particolari, alle istituzioni e alle aggregazioni che operano nella Pastorale Giovanile un contributo per lo studio, la proposta, l\u2019animazione ed il coordinamento delle attivit\u00e0 rivolte ai giovani.<span class=\"Apple-converted-space\">\u00a0<\/span><\/p>\n<p>Sostiene e accompagna con molta cura<span class=\"Apple-converted-space\">\u00a0\u00a0<\/span>il coordinamento dei propri referenti regionali e diocesani per la loro azione Pastorale verso i Giovani ,<span class=\"Apple-converted-space\">\u00a0\u00a0<\/span>perch\u00e9 diventino sempre pi\u00f9 Testimoni del Signore,<span class=\"Apple-converted-space\">\u00a0\u00a0<\/span>capaci di ascoltare e camminare nella Chiesa con le nuove Generazioni.<\/p>\n<p>Il servizio Nazionale per la Pastorale Giovanile coordina la partecipazione dei giovani italiani ai grandi eventi, siano essi nazionali che mondiali (ad esempio la Giornata Mondiale della Giovent\u00f9) ed organizza iniziative di supporto a quanti si occupano dell\u2019educazione dei giovani .\u00a0<span class=\"Apple-converted-space\">\u00a0<\/span><\/p>\n<p>Provvede all\u2019elaborazione di testi e sussidi per sostenere le azioni di Pastorale Giovanile su tutto il territorio Nazionale.<span class=\"Apple-converted-space\">\u00a0 \u00a0<\/span><\/p>\n<p>&nbsp;<\/p>\n<p><strong><a href=\"http:\/\/www.caritasitaliana.it\/\"><img loading=\"lazy\" decoding=\"async\" class=\"alignnone wp-image-14372\" src=\"https:\/\/www.progettopolicoro.it\/wp-content\/uploads\/sites\/2\/2019\/06\/Logo_Caritas_Italiana-340x142.jpg\" alt=\"\" width=\"209\" height=\"87\" \/><\/a><\/strong><\/p>\n<p>La Caritas Italiana \u00e8 l\u2019organismo pastorale costituito dalla Conferenza Episcopale Italiana al fine di promuovere, anche in collaborazione con altri organismi, la testimonianza della carit\u00e0 della comunit\u00e0 ecclesiale italiana, in forme consone ai tempi e ai bisogni, in vista dello sviluppo integrale dell\u2019uomo, della giustizia sociale e della pace, con particolare attenzione agli ultimi e con prevalente funzione pedagogica.<\/p>\n<\/div>\n<\/div>\n","protected":false},"excerpt":{"rendered":"<p>\u201cIl Progetto Policoro\u00a0\u00e8 un progetto organico della Chiesa italiana che tenta di dare una risposta concreta al problema della disoccupazione in Italia. Attraverso il Progetto, si vuole affrontare il problema della disoccupazione giovanile, attivando iniziative di formazione a una nuova cultura del lavoro, promuovendo e sostenendo l\u2019imprenditorialit\u00e0 giovanile in un\u2019ottica di sussidiariet\u00e0, solidariet\u00e0 e legalit\u00e0, secondo i principi della Dottrina Sociale della Chiesa.\u200b\u201d Il Progetto &hellip; <a href=\"https:\/\/www.arcidiocesitrani.it\/policoro\/chi-siamo\/\" class=\"more-link\">Continua a leggere <span class=\"screen-reader-text\"><\/span> <span class=\"meta-nav\">&raquo;<\/span><\/a><\/p>\n","protected":false},"author":9,"featured_media":0,"parent":0,"menu_order":0,"comment_status":"closed","ping_status":"closed","template":"","meta":{"_acf_changed":false,"ip_address":"","user_agent":"","level":"","revision":"","cookie_id":"","page_referer":"","html_form":"","footnotes":""},"acf":[],"_links":{"self":[{"href":"https:\/\/www.arcidiocesitrani.it\/policoro\/wp-json\/wp\/v2\/pages\/29"}],"collection":[{"href":"https:\/\/www.arcidiocesitrani.it\/policoro\/wp-json\/wp\/v2\/pages"}],"about":[{"href":"https:\/\/www.arcidiocesitrani.it\/policoro\/wp-json\/wp\/v2\/types\/page"}],"author":[{"embeddable":true,"href":"https:\/\/www.arcidiocesitrani.it\/policoro\/wp-json\/wp\/v2\/users\/9"}],"replies":[{"embeddable":true,"href":"https:\/\/www.arcidiocesitrani.it\/policoro\/wp-json\/wp\/v2\/comments?post=29"}],"version-history":[{"count":2,"href":"https:\/\/www.arcidiocesitrani.it\/policoro\/wp-json\/wp\/v2\/pages\/29\/revisions"}],"predecessor-version":[{"id":51,"href":"https:\/\/www.arcidiocesitrani.it\/policoro\/wp-json\/wp\/v2\/pages\/29\/revisions\/51"}],"wp:attachment":[{"href":"https:\/\/www.arcidiocesitrani.it\/policoro\/wp-json\/wp\/v2\/media?parent=29"}],"curies":[{"name":"wp","href":"https:\/\/api.w.org\/{rel}","templated":true}]}}