{"id":42,"date":"2021-06-07T15:16:20","date_gmt":"2021-06-07T13:16:20","guid":{"rendered":"http:\/\/www.arcidiocesitrani.it\/policoro\/?page_id=42"},"modified":"2021-06-07T15:28:14","modified_gmt":"2021-06-07T13:28:14","slug":"microcredito","status":"publish","type":"page","link":"https:\/\/www.arcidiocesitrani.it\/policoro\/microcredito\/","title":{"rendered":"MICROCREDITO"},"content":{"rendered":"<header class=\"entry-header\">\n<h1>\t\t\t<a href=\"http:\/\/arcidiocesitrani.altervista.org\/wp-content\/uploads\/2020\/09\/REGOLAMENTO-DIOCESANO.pdf\" target=\"_self\" class=\"wpfs button success   \">REGOLAMENTO DIOCESANO<\/a><\/h1>\n\t\t\t<a href=\"http:\/\/arcidiocesitrani.altervista.org\/wp-content\/uploads\/2020\/09\/SCHEDA-DI-SINTESI.pdf\" target=\"_self\" class=\"wpfs button secondary   \">SCHEDA DI SINTESI<\/a>\n\t\t\t<a href=\"http:\/\/arcidiocesitrani.altervista.org\/wp-content\/uploads\/2020\/09\/Scheda-CODICE-ETICO.pdf\" target=\"_self\" class=\"wpfs button secondary   \">SCHEDA CODICE ETICO<\/a>\n\t\t\t<a href=\"http:\/\/arcidiocesitrani.altervista.org\/wp-content\/uploads\/2020\/09\/BANDO-MICROCREDITO.pdf\" target=\"_self\" class=\"wpfs button secondary   \">BANDO MICROCREDITO<\/a>\n<h1 class=\"entry-title-page\">Cos\u2019\u00e8 il Microcredito<\/h1>\n<\/header>\n<div class=\"entry-content-page\">\n<p><strong><em>Il \u201cmicrocredito\u201d: strumento a servizio del Progetto Policoro<\/em><\/strong><\/p>\n<p>L\u2019idea di creare un servizio specifico, che si occupasse di approfondire lo strumento \u201cmicrocredito\u201d, come opportunit\u00e0 di formazione e di sostegno dei giovani che il Progetto accompagna nelle diocesi aderenti, \u00e8 nata nel 2008, a seguito delle esperienze positive gi\u00e0 sviluppate in alcune diocesi (Andria, Nicosia, Caltanissetta, ecc.).<\/p>\n<p>Nell\u2019ambito dell\u2019attivit\u00e0 di orientamento e accompagnamento, svolta dalle \u00e9quipe diocesane del Progetto Policoro, ci si \u00e8 resi conto che, per un giovane alla prima esperienza lavorativa e senza garanzie, \u00e8 sempre pi\u00f9 difficile ottenere un finanziamento da una banca, che possa consentirgli di avviare la propria attivit\u00e0 imprenditoriale. Da qui l\u2019idea di far conoscere e supportare la nascita dei c.d. Fondi Diocesani di Garanzia per il Microcredito, strumenti in grado di consentire ai giovani, che non possiedono garanzie proprie, di fare ricorso al prestito bancario per realizzare il proprio progetto lavorativo.<\/p>\n<p>In concreto \u00e8 stato rilevato, statistiche alla mano, che in quelle diocesi che si sono munite di un proprio fondo di garanzia per il microcredito, il numero delle imprese giovanili create ha avuto un decisivo incremento.<\/p>\n<p>Negli ultimi anni si sono aggiunte altre possibilit\u00e0 e nuovi strumenti, soprattutto per sostenere anche quelle Diocesi prive di un proprio Fondo di Garanzia.<\/p>\n<p>Cliccando sui link \u00e8 possibile approfondirne i contenuti:<\/p>\n<ul>\n<li><a href=\"https:\/\/www.caritas.it\/pls\/caritasitaliana\/v3_s2ew_consultazione.mostra_pagina?id_pagina=5572\">CARITAS ITALIANA<\/a><\/li>\n<li><a href=\"https:\/\/www.creditocooperativo.it\/page\/un-sistema-differente\/fondazione-tertio-millennio\">BCC<\/a><\/li>\n<li><a href=\"https:\/\/www.bancaetica.it\/per-organizzazioni-e-imprese\/finanziamenti\">BANCA ETICA<\/a><\/li>\n<li><a href=\"https:\/\/www.unicredit.it\/it\/piccole-imprese\/finanziamenti\/tutti-i-finanziamenti\/finanziamenti-agevolati\/microcredito.html\">UNICREDIT<\/a><\/li>\n<li><a href=\"https:\/\/www.microcredito.gov.it\/\">ENTE NAZIONALE MICROCREDITO<\/a><\/li>\n<li><a href=\"https:\/\/www.invitalia.it\/cosa-facciamo\/creiamo-nuove-aziende\/nuovo-selfiemployment\">GARANZIA GIOVANI<\/a><\/li>\n<li><a href=\"https:\/\/www.invitalia.it\/cosa-facciamo\/creiamo-nuove-aziende\/resto-al-sud\">RESTO AL SUD<\/a><\/li>\n<li><a href=\"https:\/\/www.mise.gov.it\/index.php\/it\/per-l-impresa\">MINISTERO SVILUPPO ECONOMICO<\/a><\/li>\n<\/ul>\n<p><strong><em>Perch\u00e9 proprio il \u201cmicrocredito\u201d?<\/em><\/strong><\/p>\n<p>Il microcredito \u00e8 uno strumento di sviluppo economico che permette alla persona in situazione di povert\u00e0, di accedere a quei servizi finanziari che, normalmente, le sarebbero negati.<\/p>\n<p>Il microcredito non \u00e8 beneficenza\/assistenza, ma un\u2019attivit\u00e0 creditizia che, insieme all\u2019accompagnamento personalizzato dei fruitori, punta a stimolare l\u2019autonomia, la responsabilit\u00e0, le capacit\u00e0 e i talenti di chi riceve il finanziamento, mettendolo nella condizione di poter realizzare il proprio progetto di vita.<\/p>\n<p><strong><em>A chi si rivolge?<\/em><\/strong><\/p>\n<p>L\u2019iniziativa si rivolge ai giovani con et\u00e0 compresa tra i 18 e i 35 anni ed \u00e8 finalizzata alla creazione di imprese giovanili attraverso il percorso di accompagnamento del Progetto Policoro. Il fondo di Garanzia, in genere, \u00e8 frutto di una convenzione tra ciascuna Diocesi e una Banca nazionale o del territorio.<\/p>\n<p><strong><em>L\u2019elemento pastorale e fiduciario<\/em><\/strong><\/p>\n<p>Alla base del percorso del microcredito per il Progetto Policoro c\u2019\u00e8, e non pu\u00f2 essere diversamente, la nostra fede, il Vangelo che salva e dona fiducia e speranza, l\u2019attenzione alla persona che viene prima del profitto, l\u2019etica a fondamento dell\u2019economia, il rapporto fiduciario fondato sulla gratuit\u00e0 e il dono di s\u00e9.<\/p>\n<p>Attraverso il progetto la Chiesa incontra, sostiene e accompagna i giovani, in uno dei problemi concreti della loro vita quotidiana: il lavoro. I giovani aiutati in questi anni, hanno sperimentato la fiducia di una Chiesa vicina e compagna di strada, non solo a parole. Spesso sono giovani \u201clontani\u201d dalla Chiesa e che hanno riscoperto la speranza viva che viene dal Vangelo.<\/p>\n<p><strong><em>Le collaborazioni tra Diocesi e Banche del territorio<\/em><\/strong><\/p>\n<p>Un passaggio importante \u00e8 stato quello di fornire alle diocesi un accordo-quadro e una modulistica, approvati a livello nazionale, per semplificare tempi e procedure.<\/p>\n<p>Dalla collaborazione tra il Progetto Policoro, la Fondazione Don Mario Operti, Banca Etica e BCC, \u00e8 nata l\u2019idea gi\u00e0 dal 2013, di proporre a ciascuna delle Diocesi che aderiscono al Progetto Policoro, la possibilit\u00e0 di usufruire di un modello di convenzione-quadro applicabile in maniera uniforme (con le stesse condizioni, tassi d\u2019interesse, ecc.) a tutte le Diocesi aderenti all\u2019iniziativa.<\/p>\n<p>Al fine di favorire l\u2019accesso al credito dei beneficiari, la Diocesi ha il compito di istituire un Fondo di Garanzia, attraverso il deposito di una somma (il cui ammontare \u00e8 a discrezione della singola Diocesi) in un conto vincolato, presso la filiale della Banca convenzionata pi\u00f9 vicina nel territorio.<\/p>\n<p><strong><em>Formazione e supporto tecnico<\/em><\/strong><\/p>\n<p>Lo staff microcredito del Progetto Policoro ha fornito a ciascuna Diocesi che ne ha fatto richiesta, tutta la modulistica, il supporto informativo, tecnico e formativo, per l\u2019attivazione della Convenzione e per la formazione degli operatori diocesani incaricati del servizio di accompagnamento-tutoraggio e valutazione.<\/p>\n<p>In questi anni lo staff microcredito ha organizzato diversi momenti formativi, sia all\u2019interno dei \u201cCorsi di formazione nazionale\u201d organizzati dalla Segreteria Nazionale del Progetto Policoro, sia a livello locale. Particolare rilievo ha avuto l\u2019organizzazione di una \u201csummer school\u201d, tenutasi a Roma nel 2012, occasione per sperimentare una formazione intensiva ed esperienziale, sui temi della finanza etica e del microcredito. Dall\u2019anno scorso si sta sperimentando anche una formazione e-learning mediante webinar.<\/p>\n<p><strong><em>Situazione attuale e sintesi dei risultati raggiunti<\/em><\/strong><\/p>\n<ul>\n<li>506 imprese finanziate;<\/li>\n<li>737 persone occupate;<\/li>\n<li>\u20ac 604.692,00 \u00e8 il totale dei Fondi di Garanzia messi a disposizione.<strong><em>\u00a0<\/em><\/strong><\/li>\n<\/ul>\n<p><strong><em>L\u2019attenzione dei mass media<\/em><\/strong><\/p>\n<p>In questi anni, gli incoraggianti risultati raggiunti dalle varie esperienze di microcredito diocesano, nell\u2019ambito del Progetto Policoro, sono stati oggetto dell\u2019attenzione mediatica a diversi livelli. All\u2019argomento sono state dedicate ben 2 puntate della trasmissione\u00a0<em>\u201cA sua Immagine\u201d\u00a0<\/em>di Rai 1, due speciali su TV 2000, una trasmissione su Radio InBlu e diversi articoli su Avvenire e sulla stampa locale.<\/p>\n<\/div>\n","protected":false},"excerpt":{"rendered":"<p>Cos\u2019\u00e8 il Microcredito Il \u201cmicrocredito\u201d: strumento a servizio del Progetto Policoro L\u2019idea di creare un servizio specifico, che si occupasse di approfondire lo strumento \u201cmicrocredito\u201d, come opportunit\u00e0 di formazione e di sostegno dei giovani che il Progetto accompagna nelle diocesi aderenti, \u00e8 nata nel 2008, a seguito delle esperienze positive gi\u00e0 sviluppate in alcune diocesi (Andria, Nicosia, Caltanissetta, ecc.). Nell\u2019ambito dell\u2019attivit\u00e0 di orientamento e accompagnamento, &hellip; <a href=\"https:\/\/www.arcidiocesitrani.it\/policoro\/microcredito\/\" class=\"more-link\">Continua a leggere <span class=\"screen-reader-text\"><\/span> <span class=\"meta-nav\">&raquo;<\/span><\/a><\/p>\n","protected":false},"author":9,"featured_media":0,"parent":0,"menu_order":0,"comment_status":"closed","ping_status":"closed","template":"","meta":{"_acf_changed":false,"ip_address":"","user_agent":"","level":"","revision":"","cookie_id":"","page_referer":"","html_form":"","footnotes":""},"acf":[],"_links":{"self":[{"href":"https:\/\/www.arcidiocesitrani.it\/policoro\/wp-json\/wp\/v2\/pages\/42"}],"collection":[{"href":"https:\/\/www.arcidiocesitrani.it\/policoro\/wp-json\/wp\/v2\/pages"}],"about":[{"href":"https:\/\/www.arcidiocesitrani.it\/policoro\/wp-json\/wp\/v2\/types\/page"}],"author":[{"embeddable":true,"href":"https:\/\/www.arcidiocesitrani.it\/policoro\/wp-json\/wp\/v2\/users\/9"}],"replies":[{"embeddable":true,"href":"https:\/\/www.arcidiocesitrani.it\/policoro\/wp-json\/wp\/v2\/comments?post=42"}],"version-history":[{"count":4,"href":"https:\/\/www.arcidiocesitrani.it\/policoro\/wp-json\/wp\/v2\/pages\/42\/revisions"}],"predecessor-version":[{"id":50,"href":"https:\/\/www.arcidiocesitrani.it\/policoro\/wp-json\/wp\/v2\/pages\/42\/revisions\/50"}],"wp:attachment":[{"href":"https:\/\/www.arcidiocesitrani.it\/policoro\/wp-json\/wp\/v2\/media?parent=42"}],"curies":[{"name":"wp","href":"https:\/\/api.w.org\/{rel}","templated":true}]}}