{"id":58,"date":"2021-11-17T12:03:28","date_gmt":"2021-11-17T11:03:28","guid":{"rendered":"https:\/\/www.arcidiocesitrani.it\/problemisociali\/?page_id=58"},"modified":"2021-11-17T12:03:28","modified_gmt":"2021-11-17T11:03:28","slug":"chi-siamo","status":"publish","type":"page","link":"https:\/\/www.arcidiocesitrani.it\/problemisociali\/chi-siamo\/","title":{"rendered":"CHI SIAMO"},"content":{"rendered":"<p>L\u2019ufficio, comprende: il servizio di Pastorale Sociale e del lavoro e il Servizio pastorale Giustizia e Pace e Salvaguardia del Creato.<\/p>\n<p>&#8211; Attivit\u00e0 programmate:<\/p>\n<p>La progettazione per il 2022, attualmente, non pu\u00f2 non tenere conto di due istanze. Innanzitutto la particolare condizione che il territorio diocesano vive a seguito dell\u2019emergenza dovuta alla pandemia da Covid-19.<\/p>\n<p>Inoltre\u00a0 la 49<sup>a<\/sup> Settimana Sociale che si svolger\u00e0 a Taranto dal 21 al 24 ottobre 2021 costituisce un laboratorio di confronto e riflessione; scaturiranno, dunque, elementi e spazi imprescindibili in rapporto ai quali la presente programmazione resta aperta e ricettiva.<\/p>\n<p>Alla luce di queste premesse, nel redigere il progetto s\u2019intrecciano attivit\u00e0 consolidate ed attivit\u00e0 da strutturare ed incentivare.<\/p>\n<p>Il <strong>Microcredito <\/strong>si configura come un\u2019attivit\u00e0 da proseguire ed implementare, in quanto si \u00e8 dimostrata capace di offrire supporto economico a chi ha perso l\u2019occupazione ed a chi \u00e8 in situazione di \u00a0necessit\u00e0 a causa della pandemia.<\/p>\n<p>Allargando lo sguardo, risulta urgente e necessario impegnarsi nel <strong>potenziamento della rete delle realt\u00e0 associative <\/strong>e nella <strong>creazione di una rete delle Buone Pratiche<\/strong>, ossia le realt\u00e0 aziendali ed associative virtuose presentate e conosciute a Taranto, come attivit\u00e0 indispensabile per promuovere socialmente opportunit\u00e0 concrete.<\/p>\n<p>Infine si propone di <strong>valorizzare la Giornata Nazionale per la Custodia del Creato<\/strong> con\u00a0 la creazione di un evento che ne sottolinei la connessione con la <strong>Giornata per il Lavoro (1\u00b0 Maggio)<\/strong> ed attivit\u00e0 che promuovano la scoperta e la salvaguardia del patrimonio ambientale ed artistico presente nel\u00a0 territorio diocesano (Zona Umida di Margherita di Savoia, Zona Pantano-Ripalta di Bisceglie, Centri storici cittadini, ecc\u2026) non trascurando cosi le connessioni con il settore turistico e le prospettive lavorative e di rivalutazione sociale che esso pu\u00f2 delineare.<\/p>\n<p>&nbsp;<\/p>\n<p>-Documenti:\u00a0\u00a0 CEI, <em>Evangelizzare il Sociale<\/em>, 1992<\/p>\n<p>PAPA FRANCESCO <em>Evangelii Gaudium<\/em><\/p>\n<p>PAPA FRANCESCO <em>Laudato Sii<\/em><\/p>\n<p>DECRETI SINODALI DELL\u2019ARCIDIOCESI, ARTICOLI 73, 74, 75.<\/p>\n<p>-Vari social utilizzati: Pagina Facebook: -Progetto Policoro Trani-Barletta-Bisceglie<\/p>\n<p>-Pastorale Sociale Arcidiocesi Trani-Barletta-Bisceglie<\/p>\n<p><strong>Decreti sinodali &#8211; IV Settore- Diaconia testimonianza della carit\u00e0 <\/strong><em>(Articoli da 68 a 76)<\/em><\/p>\n<p><strong>Art. 73-Ufficio Problemi Sociali e Lavoro, Giustizia e Pace, Salvaguardia del Creato<\/strong><\/p>\n<p>L&#8217;Ufficio, guidato da un Direttore nominato dall&#8217;Arcivescovo, comprende:<\/p>\n<ol>\n<li>a) Servizio Pastorale Sociale e del Lavoro;<\/li>\n<li>b) Servizio Pastorale Giustizia e Pace, Salvaguardia del Creato.<\/li>\n<\/ol>\n<p>&nbsp;<\/p>\n<p><strong>Art. 74-Servizio Pastorale Sociale e del Lavoro<\/strong><\/p>\n<p>Il Servizio Pastorale Sociale e del Lavoro, guidato da un responsabile nominato dall\u2019Arcivescovo seguenti compiti:<\/p>\n<ol>\n<li>a) si impegna a divulgare ed approfondire la conoscenza della Dottrina Sociale in collaborazione con la Scuola di Formazione per gli Operatori Pastorali,<\/li>\n<li>b) armonizza le iniziative delle varie associazioni sindacali, di lavoratori e di imprenditori di ispirazione cristiana;<\/li>\n<li>c) presta attenzione ai problemi politici del Paese e alle situazioni amministrative locali;<\/li>\n<li>d) in sintonia con la Caritas ed il volontariato segue le iniziative di promozione dei progetti nuovi per la formazione al lavoro (cfr. <em>Costituzioni<\/em>, 403).<\/li>\n<\/ol>\n<p>&nbsp;<\/p>\n<p><strong>Art. 75-Servizio Giustizia e Pace, Salvaguardia del Creato<\/strong><\/p>\n<p>Il Servizio Giustizia e Pace, Salvaguardia del Creato, guidato da un Responsabile nominato dall&#8217;Arcivescovo, ha i seguenti compiti:<br \/>\na) promuove iniziative adeguate alla formazione alla pace e alla legalit\u00e0 (cfr. Costituzioni 415);<\/p>\n<ol>\n<li>b) coordina con le altre componenti ecclesiali e le varie associazioni le iniziative valide per lo sviluppo e il rispetto dell&#8217;ambiente (cfr. <em>Costituzioni<\/em>, 418).<\/li>\n<\/ol>\n","protected":false},"excerpt":{"rendered":"<p>L\u2019ufficio, comprende: il servizio di Pastorale Sociale e del lavoro e il Servizio pastorale Giustizia e Pace e Salvaguardia del Creato. &#8211; Attivit\u00e0 programmate: La progettazione per il 2022, attualmente, non pu\u00f2 non tenere conto di due istanze. Innanzitutto la particolare condizione che il territorio diocesano vive a seguito dell\u2019emergenza dovuta alla pandemia da Covid-19. Inoltre\u00a0 la 49a Settimana Sociale che si svolger\u00e0 a Taranto &hellip; <a href=\"https:\/\/www.arcidiocesitrani.it\/problemisociali\/chi-siamo\/\" class=\"more-link\">Continua a leggere <span class=\"screen-reader-text\"><\/span> <span class=\"meta-nav\">&raquo;<\/span><\/a><\/p>\n","protected":false},"author":9,"featured_media":0,"parent":0,"menu_order":0,"comment_status":"closed","ping_status":"closed","template":"","meta":{"_acf_changed":false,"ip_address":"","user_agent":"","level":"","revision":"","cookie_id":"","page_referer":"","html_form":"","footnotes":""},"acf":[],"_links":{"self":[{"href":"https:\/\/www.arcidiocesitrani.it\/problemisociali\/wp-json\/wp\/v2\/pages\/58"}],"collection":[{"href":"https:\/\/www.arcidiocesitrani.it\/problemisociali\/wp-json\/wp\/v2\/pages"}],"about":[{"href":"https:\/\/www.arcidiocesitrani.it\/problemisociali\/wp-json\/wp\/v2\/types\/page"}],"author":[{"embeddable":true,"href":"https:\/\/www.arcidiocesitrani.it\/problemisociali\/wp-json\/wp\/v2\/users\/9"}],"replies":[{"embeddable":true,"href":"https:\/\/www.arcidiocesitrani.it\/problemisociali\/wp-json\/wp\/v2\/comments?post=58"}],"version-history":[{"count":1,"href":"https:\/\/www.arcidiocesitrani.it\/problemisociali\/wp-json\/wp\/v2\/pages\/58\/revisions"}],"predecessor-version":[{"id":59,"href":"https:\/\/www.arcidiocesitrani.it\/problemisociali\/wp-json\/wp\/v2\/pages\/58\/revisions\/59"}],"wp:attachment":[{"href":"https:\/\/www.arcidiocesitrani.it\/problemisociali\/wp-json\/wp\/v2\/media?parent=58"}],"curies":[{"name":"wp","href":"https:\/\/api.w.org\/{rel}","templated":true}]}}